{"id":187,"date":"2025-07-22T16:02:04","date_gmt":"2025-07-22T14:02:04","guid":{"rendered":"https:\/\/zafirastudio.com\/?page_id=187"},"modified":"2025-07-24T00:13:35","modified_gmt":"2025-07-23T22:13:35","slug":"taniec-orientalny","status":"publish","type":"page","link":"https:\/\/zafirastudio.com\/?page_id=187","title":{"rendered":"Tanec Orientalny"},"content":{"rendered":"\n<div class=\"wp-block-cover alignfull is-light gtfy-3\" style=\"padding-top:var(--wp--preset--spacing--50);padding-right:var(--wp--preset--spacing--40);padding-bottom:var(--wp--preset--spacing--50);padding-left:var(--wp--preset--spacing--40);min-height:117px;aspect-ratio:unset;\"><img decoding=\"async\" class=\"wp-block-cover__image-background wp-image-423\" alt=\"\" src=\"https:\/\/zafirastudio.com\/wp-content\/themes\/gutenify-fitness-club\/assets\/images\/main-banner.jpg\" data-object-fit=\"cover\"\/><span aria-hidden=\"true\" class=\"wp-block-cover__background has-background-background-color has-background-dim-90 has-background-dim\"><\/span><div class=\"wp-block-cover__inner-container is-layout-flow wp-block-cover-is-layout-flow\">\n<div class=\"wp-block-group alignwide gutenify-section-f29158a1-b608-11ef-baac-017fc0c1298d is-layout-constrained wp-container-core-group-is-layout-111b2e00 wp-block-group-is-layout-constrained gtfy-2\"><h1 style=\"border-radius:40px;\" class=\"has-text-align-center alignwide wp-block-post-title has-text-color has-white-color has-background has-blush-light-purple-gradient-background has-big-font-size gtfy-1\">Tanec Orientalny<\/h1><\/div>\n<\/div><\/div>\n\n\n\n<div class=\"wp-block-group alignfull is-content-justification-center is-layout-constrained wp-container-core-group-is-layout-df757ecc wp-block-group-is-layout-constrained gtfy-27\" style=\"margin-top:0;margin-bottom:0;padding-top:calc( 0.5 * var(--wp--style--root--padding-right, var(--wp--custom--gap--horizontal)));padding-right:var(--wp--style--root--padding-right, var(--wp--custom--gap--horizontal));padding-bottom:calc( 0.5 * var(--wp--style--root--padding-right, var(--wp--custom--gap--horizontal)));padding-left:var(--wp--style--root--padding-left, var(--wp--custom--gap--horizontal))\">\n<div style=\"height:calc( 0.25 * var(--wp--style--root--padding-right, var(--wp--custom--gap--horizontal)))\" aria-hidden=\"true\" class=\"wp-block-spacer gtfy-6\"><\/div>\n\n\n\n<div class=\"wp-block-columns alignwide is-layout-flex wp-container-core-columns-is-layout-7fc3d43a wp-block-columns-is-layout-flex gtfy-25\">\n<div class=\"wp-block-column is-layout-flow wp-block-column-is-layout-flow gtfy-14\" style=\"flex-basis:25%\">\n<div style=\"height:var(--wp--preset--spacing--10)\" aria-hidden=\"true\" class=\"wp-block-spacer gtfy-7\"><\/div>\n\n\n\n<h2 class=\"wp-block-heading has-large-font-size gtfy-8\">Energia kobieco\u015bci, kt\u00f3ra p\u0142ynie z wn\u0119trza<\/h2>\n\n\n\n<p class=\"gtfy-9\">Taniec orientalny (znany te\u017c jako belly dance) to co\u015b wi\u0119cej ni\u017c pi\u0119kne ruchy bioder. To taniec, kt\u00f3ry powsta\u0142 w kr\u0119gu kobiet \u2014 w domach, \u015bwi\u0105tyniach, na rodzinnych uroczysto\u015bciach. By\u0142 przekazywany z pokolenia na pokolenie jako forma celebracji \u017cycia, kobiecego cia\u0142a i cykliczno\u015bci.<\/p>\n\n\n\n<p class=\"gtfy-10\">Ka\u017cdy gest \u2014 od subtelnych izolacji po dynamiczne akcenty \u2014 niesie w sobie histori\u0119.<br>W Zafira Studio uczymy tego ta\u0144ca nie tylko technicznie. Uczymy, jak poczu\u0107 swoje cia\u0142o, jak pozwoli\u0107 mu m\u00f3wi\u0107, jak odkry\u0107 w sobie kobiec\u0105 si\u0142\u0119 i sensualno\u015b\u0107.<\/p>\n\n\n\n<p class=\"gtfy-11\">Zaj\u0119cia s\u0105 dla ka\u017cdej kobiety \u2014 niezale\u017cnie od wieku, figury czy do\u015bwiadczenia.<br>To Twoja podr\u00f3\u017c. My tylko pomagamy Ci zrobi\u0107 pierwszy krok.<\/p>\n\n\n\n<div class=\"wp-block-buttons is-layout-flex wp-block-buttons-is-layout-flex gtfy-13\">\n<div class=\"wp-block-button gtfy-12\"><a class=\"wp-block-button__link has-white-color has-text-color has-link-color wp-element-button\" style=\"border-radius:40px\">Zapis na lekcje pr\u00f3bn\u0105<\/a><\/div>\n<\/div>\n<\/div>\n\n\n\n<div class=\"wp-block-column is-layout-constrained wp-block-column-is-layout-constrained gtfy-24\">\n<div class=\"wp-block-columns alignwide is-layout-flex wp-container-core-columns-is-layout-c0198eba wp-block-columns-is-layout-flex gtfy-21\">\n<div class=\"wp-block-column is-layout-flow wp-container-core-column-is-layout-697414b1 wp-block-column-is-layout-flow gtfy-17\">\n<figure data-wp-context=\"{&quot;imageId&quot;:&quot;69e4c99b26575&quot;}\" data-wp-interactive=\"core\/image\" data-wp-key=\"69e4c99b26575\" class=\"wp-block-image size-large has-custom-border is-style-default gtfy-15 wp-lightbox-container\"><img loading=\"lazy\" decoding=\"async\" width=\"683\" height=\"1024\" data-wp-class--hide=\"state.isContentHidden\" data-wp-class--show=\"state.isContentVisible\" data-wp-init=\"callbacks.setButtonStyles\" data-wp-on--click=\"actions.showLightbox\" data-wp-on--load=\"callbacks.setButtonStyles\" data-wp-on-window--resize=\"callbacks.setButtonStyles\" src=\"http:\/\/zafirastudio.com\/wp-content\/uploads\/2025\/07\/MAX_2138-1-683x1024.jpg\" alt=\"\" class=\"wp-image-107\" style=\"border-radius:40px;aspect-ratio:1;object-fit:cover\" srcset=\"https:\/\/zafirastudio.com\/wp-content\/uploads\/2025\/07\/MAX_2138-1-683x1024.jpg 683w, https:\/\/zafirastudio.com\/wp-content\/uploads\/2025\/07\/MAX_2138-1-200x300.jpg 200w, https:\/\/zafirastudio.com\/wp-content\/uploads\/2025\/07\/MAX_2138-1-768x1152.jpg 768w, https:\/\/zafirastudio.com\/wp-content\/uploads\/2025\/07\/MAX_2138-1-1024x1536.jpg 1024w, https:\/\/zafirastudio.com\/wp-content\/uploads\/2025\/07\/MAX_2138-1-1365x2048.jpg 1365w, https:\/\/zafirastudio.com\/wp-content\/uploads\/2025\/07\/MAX_2138-1-600x900.jpg 600w, https:\/\/zafirastudio.com\/wp-content\/uploads\/2025\/07\/MAX_2138-1-scaled.jpg 1707w\" sizes=\"auto, (max-width: 683px) 100vw, 683px\" \/><button\n\t\t\tclass=\"lightbox-trigger\"\n\t\t\ttype=\"button\"\n\t\t\taria-haspopup=\"dialog\"\n\t\t\taria-label=\"Enlarge\"\n\t\t\tdata-wp-init=\"callbacks.initTriggerButton\"\n\t\t\tdata-wp-on--click=\"actions.showLightbox\"\n\t\t\tdata-wp-style--right=\"state.imageButtonRight\"\n\t\t\tdata-wp-style--top=\"state.imageButtonTop\"\n\t\t>\n\t\t\t<svg xmlns=\"http:\/\/www.w3.org\/2000\/svg\" width=\"12\" height=\"12\" fill=\"none\" viewBox=\"0 0 12 12\">\n\t\t\t\t<path fill=\"#fff\" d=\"M2 0a2 2 0 0 0-2 2v2h1.5V2a.5.5 0 0 1 .5-.5h2V0H2Zm2 10.5H2a.5.5 0 0 1-.5-.5V8H0v2a2 2 0 0 0 2 2h2v-1.5ZM8 12v-1.5h2a.5.5 0 0 0 .5-.5V8H12v2a2 2 0 0 1-2 2H8Zm2-12a2 2 0 0 1 2 2v2h-1.5V2a.5.5 0 0 0-.5-.5H8V0h2Z\" \/>\n\t\t\t<\/svg>\n\t\t<\/button><\/figure>\n\n\n\n<figure data-wp-context=\"{&quot;imageId&quot;:&quot;69e4c99b26b7e&quot;}\" data-wp-interactive=\"core\/image\" data-wp-key=\"69e4c99b26b7e\" class=\"wp-block-image size-full has-custom-border is-style-default gtfy-16 wp-lightbox-container\"><img loading=\"lazy\" decoding=\"async\" width=\"2560\" height=\"1920\" data-wp-class--hide=\"state.isContentHidden\" data-wp-class--show=\"state.isContentVisible\" data-wp-init=\"callbacks.setButtonStyles\" data-wp-on--click=\"actions.showLightbox\" data-wp-on--load=\"callbacks.setButtonStyles\" data-wp-on-window--resize=\"callbacks.setButtonStyles\" src=\"http:\/\/zafirastudio.com\/wp-content\/uploads\/2025\/07\/IMG_0293-1-scaled.jpeg\" alt=\"\" class=\"wp-image-102\" style=\"border-radius:40px;aspect-ratio:1;object-fit:cover\" srcset=\"https:\/\/zafirastudio.com\/wp-content\/uploads\/2025\/07\/IMG_0293-1-scaled.jpeg 2560w, https:\/\/zafirastudio.com\/wp-content\/uploads\/2025\/07\/IMG_0293-1-300x225.jpeg 300w, https:\/\/zafirastudio.com\/wp-content\/uploads\/2025\/07\/IMG_0293-1-1024x768.jpeg 1024w, https:\/\/zafirastudio.com\/wp-content\/uploads\/2025\/07\/IMG_0293-1-768x576.jpeg 768w, https:\/\/zafirastudio.com\/wp-content\/uploads\/2025\/07\/IMG_0293-1-1536x1152.jpeg 1536w, https:\/\/zafirastudio.com\/wp-content\/uploads\/2025\/07\/IMG_0293-1-2048x1536.jpeg 2048w, https:\/\/zafirastudio.com\/wp-content\/uploads\/2025\/07\/IMG_0293-1-600x450.jpeg 600w\" sizes=\"auto, (max-width: 2560px) 100vw, 2560px\" \/><button\n\t\t\tclass=\"lightbox-trigger\"\n\t\t\ttype=\"button\"\n\t\t\taria-haspopup=\"dialog\"\n\t\t\taria-label=\"Enlarge\"\n\t\t\tdata-wp-init=\"callbacks.initTriggerButton\"\n\t\t\tdata-wp-on--click=\"actions.showLightbox\"\n\t\t\tdata-wp-style--right=\"state.imageButtonRight\"\n\t\t\tdata-wp-style--top=\"state.imageButtonTop\"\n\t\t>\n\t\t\t<svg xmlns=\"http:\/\/www.w3.org\/2000\/svg\" width=\"12\" height=\"12\" fill=\"none\" viewBox=\"0 0 12 12\">\n\t\t\t\t<path fill=\"#fff\" d=\"M2 0a2 2 0 0 0-2 2v2h1.5V2a.5.5 0 0 1 .5-.5h2V0H2Zm2 10.5H2a.5.5 0 0 1-.5-.5V8H0v2a2 2 0 0 0 2 2h2v-1.5ZM8 12v-1.5h2a.5.5 0 0 0 .5-.5V8H12v2a2 2 0 0 1-2 2H8Zm2-12a2 2 0 0 1 2 2v2h-1.5V2a.5.5 0 0 0-.5-.5H8V0h2Z\" \/>\n\t\t\t<\/svg>\n\t\t<\/button><\/figure>\n<\/div>\n\n\n\n<div class=\"wp-block-column is-layout-flow wp-container-core-column-is-layout-697414b1 wp-block-column-is-layout-flow gtfy-20\">\n<figure data-wp-context=\"{&quot;imageId&quot;:&quot;69e4c99b271c0&quot;}\" data-wp-interactive=\"core\/image\" data-wp-key=\"69e4c99b271c0\" class=\"wp-block-image size-full has-custom-border is-style-default gtfy-18 wp-lightbox-container\"><img loading=\"lazy\" decoding=\"async\" width=\"1080\" height=\"810\" data-wp-class--hide=\"state.isContentHidden\" data-wp-class--show=\"state.isContentVisible\" data-wp-init=\"callbacks.setButtonStyles\" data-wp-on--click=\"actions.showLightbox\" data-wp-on--load=\"callbacks.setButtonStyles\" data-wp-on-window--resize=\"callbacks.setButtonStyles\" src=\"https:\/\/zafirastudio.com\/wp-content\/uploads\/2025\/07\/FB_IMG_1728799647039.jpg\" alt=\"\" class=\"wp-image-189\" style=\"border-radius:40px;aspect-ratio:1;object-fit:cover\" srcset=\"https:\/\/zafirastudio.com\/wp-content\/uploads\/2025\/07\/FB_IMG_1728799647039.jpg 1080w, https:\/\/zafirastudio.com\/wp-content\/uploads\/2025\/07\/FB_IMG_1728799647039-300x225.jpg 300w, https:\/\/zafirastudio.com\/wp-content\/uploads\/2025\/07\/FB_IMG_1728799647039-1024x768.jpg 1024w, https:\/\/zafirastudio.com\/wp-content\/uploads\/2025\/07\/FB_IMG_1728799647039-768x576.jpg 768w, https:\/\/zafirastudio.com\/wp-content\/uploads\/2025\/07\/FB_IMG_1728799647039-600x450.jpg 600w\" sizes=\"auto, (max-width: 1080px) 100vw, 1080px\" \/><button\n\t\t\tclass=\"lightbox-trigger\"\n\t\t\ttype=\"button\"\n\t\t\taria-haspopup=\"dialog\"\n\t\t\taria-label=\"Enlarge\"\n\t\t\tdata-wp-init=\"callbacks.initTriggerButton\"\n\t\t\tdata-wp-on--click=\"actions.showLightbox\"\n\t\t\tdata-wp-style--right=\"state.imageButtonRight\"\n\t\t\tdata-wp-style--top=\"state.imageButtonTop\"\n\t\t>\n\t\t\t<svg xmlns=\"http:\/\/www.w3.org\/2000\/svg\" width=\"12\" height=\"12\" fill=\"none\" viewBox=\"0 0 12 12\">\n\t\t\t\t<path fill=\"#fff\" d=\"M2 0a2 2 0 0 0-2 2v2h1.5V2a.5.5 0 0 1 .5-.5h2V0H2Zm2 10.5H2a.5.5 0 0 1-.5-.5V8H0v2a2 2 0 0 0 2 2h2v-1.5ZM8 12v-1.5h2a.5.5 0 0 0 .5-.5V8H12v2a2 2 0 0 1-2 2H8Zm2-12a2 2 0 0 1 2 2v2h-1.5V2a.5.5 0 0 0-.5-.5H8V0h2Z\" \/>\n\t\t\t<\/svg>\n\t\t<\/button><\/figure>\n\n\n\n<figure data-wp-context=\"{&quot;imageId&quot;:&quot;69e4c99b276b0&quot;}\" data-wp-interactive=\"core\/image\" data-wp-key=\"69e4c99b276b0\" class=\"wp-block-image size-full has-custom-border is-style-default gtfy-19 wp-lightbox-container\"><img loading=\"lazy\" decoding=\"async\" width=\"2560\" height=\"1869\" data-wp-class--hide=\"state.isContentHidden\" data-wp-class--show=\"state.isContentVisible\" data-wp-init=\"callbacks.setButtonStyles\" data-wp-on--click=\"actions.showLightbox\" data-wp-on--load=\"callbacks.setButtonStyles\" data-wp-on-window--resize=\"callbacks.setButtonStyles\" src=\"http:\/\/zafirastudio.com\/wp-content\/uploads\/2025\/07\/20250501_120815-scaled.jpg\" alt=\"\" class=\"wp-image-22\" style=\"border-radius:40px;aspect-ratio:1;object-fit:cover\" srcset=\"https:\/\/zafirastudio.com\/wp-content\/uploads\/2025\/07\/20250501_120815-scaled.jpg 2560w, https:\/\/zafirastudio.com\/wp-content\/uploads\/2025\/07\/20250501_120815-300x219.jpg 300w, https:\/\/zafirastudio.com\/wp-content\/uploads\/2025\/07\/20250501_120815-1024x748.jpg 1024w, https:\/\/zafirastudio.com\/wp-content\/uploads\/2025\/07\/20250501_120815-768x561.jpg 768w, https:\/\/zafirastudio.com\/wp-content\/uploads\/2025\/07\/20250501_120815-1536x1122.jpg 1536w, https:\/\/zafirastudio.com\/wp-content\/uploads\/2025\/07\/20250501_120815-2048x1495.jpg 2048w\" sizes=\"auto, (max-width: 2560px) 100vw, 2560px\" \/><button\n\t\t\tclass=\"lightbox-trigger\"\n\t\t\ttype=\"button\"\n\t\t\taria-haspopup=\"dialog\"\n\t\t\taria-label=\"Enlarge\"\n\t\t\tdata-wp-init=\"callbacks.initTriggerButton\"\n\t\t\tdata-wp-on--click=\"actions.showLightbox\"\n\t\t\tdata-wp-style--right=\"state.imageButtonRight\"\n\t\t\tdata-wp-style--top=\"state.imageButtonTop\"\n\t\t>\n\t\t\t<svg xmlns=\"http:\/\/www.w3.org\/2000\/svg\" width=\"12\" height=\"12\" fill=\"none\" viewBox=\"0 0 12 12\">\n\t\t\t\t<path fill=\"#fff\" d=\"M2 0a2 2 0 0 0-2 2v2h1.5V2a.5.5 0 0 1 .5-.5h2V0H2Zm2 10.5H2a.5.5 0 0 1-.5-.5V8H0v2a2 2 0 0 0 2 2h2v-1.5ZM8 12v-1.5h2a.5.5 0 0 0 .5-.5V8H12v2a2 2 0 0 1-2 2H8Zm2-12a2 2 0 0 1 2 2v2h-1.5V2a.5.5 0 0 0-.5-.5H8V0h2Z\" \/>\n\t\t\t<\/svg>\n\t\t<\/button><\/figure>\n<\/div>\n<\/div>\n\n\n\n<figure class=\"wp-block-video gtfy-22\"><video height=\"576\" style=\"aspect-ratio: 1024 \/ 576;\" width=\"1024\" controls src=\"http:\/\/zafirastudio.com\/wp-content\/uploads\/2025\/07\/video-d88b5c58d7abdb8a7d59374c5173b7db-V_1.mp4\"><\/video><\/figure>\n\n\n\n<figure class=\"wp-block-image size-full has-custom-border gtfy-23\" id=\"TanecOrientalny\"><img loading=\"lazy\" decoding=\"async\" width=\"960\" height=\"720\" src=\"https:\/\/zafirastudio.com\/wp-content\/uploads\/2025\/07\/FB_IMG_1720366822615-2.jpg\" alt=\"\" class=\"wp-image-191\" style=\"border-radius:40px;aspect-ratio:3\/2;object-fit:cover\" srcset=\"https:\/\/zafirastudio.com\/wp-content\/uploads\/2025\/07\/FB_IMG_1720366822615-2.jpg 960w, https:\/\/zafirastudio.com\/wp-content\/uploads\/2025\/07\/FB_IMG_1720366822615-2-300x225.jpg 300w, https:\/\/zafirastudio.com\/wp-content\/uploads\/2025\/07\/FB_IMG_1720366822615-2-768x576.jpg 768w, https:\/\/zafirastudio.com\/wp-content\/uploads\/2025\/07\/FB_IMG_1720366822615-2-600x450.jpg 600w\" sizes=\"auto, (max-width: 960px) 100vw, 960px\" \/><\/figure>\n<\/div>\n<\/div>\n\n\n\n<div style=\"height:calc( 0.25 * var(--wp--style--root--padding-right, var(--wp--custom--gap--horizontal)))\" aria-hidden=\"true\" class=\"wp-block-spacer gtfy-26\"><\/div>\n<\/div>\n","protected":false},"excerpt":{"rendered":"<p>Energia kobieco\u015bci, kt\u00f3ra p\u0142ynie z wn\u0119trza Taniec orientalny (znany te\u017c jako belly dance) to co\u015b [&hellip;]<\/p>\n","protected":false},"author":1,"featured_media":0,"parent":0,"menu_order":0,"comment_status":"closed","ping_status":"closed","template":"","meta":{"footnotes":""},"class_list":["post-187","page","type-page","status-publish","hentry"],"_links":{"self":[{"href":"https:\/\/zafirastudio.com\/index.php?rest_route=\/wp\/v2\/pages\/187","targetHints":{"allow":["GET"]}}],"collection":[{"href":"https:\/\/zafirastudio.com\/index.php?rest_route=\/wp\/v2\/pages"}],"about":[{"href":"https:\/\/zafirastudio.com\/index.php?rest_route=\/wp\/v2\/types\/page"}],"author":[{"embeddable":true,"href":"https:\/\/zafirastudio.com\/index.php?rest_route=\/wp\/v2\/users\/1"}],"replies":[{"embeddable":true,"href":"https:\/\/zafirastudio.com\/index.php?rest_route=%2Fwp%2Fv2%2Fcomments&post=187"}],"version-history":[{"count":6,"href":"https:\/\/zafirastudio.com\/index.php?rest_route=\/wp\/v2\/pages\/187\/revisions"}],"predecessor-version":[{"id":286,"href":"https:\/\/zafirastudio.com\/index.php?rest_route=\/wp\/v2\/pages\/187\/revisions\/286"}],"wp:attachment":[{"href":"https:\/\/zafirastudio.com\/index.php?rest_route=%2Fwp%2Fv2%2Fmedia&parent=187"}],"curies":[{"name":"wp","href":"https:\/\/api.w.org\/{rel}","templated":true}]}}